{"id":785,"date":"2023-04-08T11:12:30","date_gmt":"2023-04-08T09:12:30","guid":{"rendered":"https:\/\/hotelrestaurantdesarts.fr\/contact\/"},"modified":"2023-06-14T09:53:39","modified_gmt":"2023-06-14T07:53:39","slug":"contact","status":"publish","type":"page","link":"https:\/\/hotelrestaurantdesarts.fr\/en\/contact\/","title":{"rendered":"Contact"},"content":{"rendered":"<div class=\"wpb-content-wrapper\"><p>[vc_row section_type=&#8221;fullwidth&#8221; columns_gap=&#8221;30&#8243; equal_column_height=&#8221;equal&#8221;][vc_column width=&#8221;1\/3&#8243; grve_css=&#8221;{&#8220;desktop&#8220;:{&#8220;border-color&#8220;:&#8220;#ce911f&#8220;,&#8220;border-style&#8220;:&#8220;dotted&#8220;,&#8220;class&#8220;:&#8220;grve-wpb-1683868319367&#8220;}}&#8221;]<h1 class=\"grve-element grve-title grve-align-inherit grve-subtitle-text grve-text-primary-1\" style=\"margin-bottom: 32px;\"><span>Contact us<\/span><\/h1>[vc_column_text text_style=&#8221;small-text&#8221;]<em>Do you have a question for the team at the H\u00f4tel des Arts and Restaurant Les Gourmandises? Do not hesitate to contact us directly by phone or by email, we will get back to you as soon as possible.<\/em>[\/vc_column_text]<div class=\"grve-element grve-divider\" style=\"padding-top: 32px;padding-bottom: 32px;\"><div class=\"grve-dashed-line-divider grve-border\"><\/div><\/div>[vc_column_text]+33 (0)5 63 64 23 41[\/vc_column_text]<div class=\"grve-element grve-divider\" style=\"padding-top: 32px;padding-bottom: 32px;\"><div class=\"grve-dashed-line-divider grve-border\"><\/div><\/div>[vc_column_text]hotelsdesarts@gmail.com[\/vc_column_text]<div class=\"grve-element grve-divider\" style=\"padding-top: 32px;padding-bottom: 32px;\"><div class=\"grve-dashed-line-divider grve-border\"><\/div><\/div>[vc_column_text css=&#8221;.vc_custom_1683868416374{padding-bottom: 32px !important;}&#8221;]60 route de Montricoux<br \/>\n82800 N\u00e8grepelisse[\/vc_column_text][\/vc_column][vc_column width=&#8221;1\/12&#8243;][\/vc_column][vc_column width=&#8221;7\/12&#8243; rc_add_shadow=&#8221;medium-shadow&#8221; grve_css=&#8221;{&#8220;desktop&#8220;:{&#8220;border-top&#8220;:1,&#8220;border-right&#8220;:1,&#8220;border-bottom&#8220;:1,&#8220;border-left&#8220;:1,&#8220;border-top-left-radius&#8220;:&#8220;12&#8220;,&#8220;border-top-right-radius&#8220;:&#8220;12&#8220;,&#8220;border-bottom-right-radius&#8220;:&#8220;12&#8220;,&#8220;border-bottom-left-radius&#8220;:&#8220;12&#8220;,&#8220;padding-top&#8220;:&#8220;30&#8220;,&#8220;padding-right&#8220;:&#8220;30&#8220;,&#8220;padding-bottom&#8220;:&#8220;30&#8220;,&#8220;padding-left&#8220;:&#8220;30&#8220;,&#8220;border-color&#8220;:&#8220;#ce911f&#8220;,&#8220;border-style&#8220;:&#8220;dotted&#8220;,&#8220;class&#8220;:&#8220;grve-wpb-1683868369132&#8220;}}&#8221;]<h3 class=\"grve-element grve-title grve-align-inherit grve-subtitle-text grve-text-primary-1\" style=\"margin-bottom: 32px;\"><span>Send us a message<\/span><\/h3><div class=\"grve-element grve-contact-form grve-form-btn-simple grve-form-btn-round grve-form-btn-bg-primary-1 grve-form-btn-bg-hover-black grve-form-btn-medium grve-form-input-border-type-underline grve-form-input-border-primary-1 grve-form-input-text-black grve-form-input-placeholder-black grve-form-input-bg-transparent\">\n<div class=\"wpcf7 no-js\" id=\"wpcf7-f788-o1\" lang=\"en-US\" dir=\"ltr\" data-wpcf7-id=\"788\">\n<div class=\"screen-reader-response\"><p role=\"status\" aria-live=\"polite\" aria-atomic=\"true\"><\/p> <ul><\/ul><\/div>\n<form action=\"\/en\/wp-json\/wp\/v2\/pages\/785#wpcf7-f788-o1\" method=\"post\" class=\"wpcf7-form init\" aria-label=\"Contact form\" novalidate=\"novalidate\" data-status=\"init\">\n<fieldset class=\"hidden-fields-container\"><input type=\"hidden\" name=\"_wpcf7\" value=\"788\" \/><input type=\"hidden\" name=\"_wpcf7_version\" value=\"6.1.5\" \/><input type=\"hidden\" name=\"_wpcf7_locale\" value=\"en_US\" \/><input type=\"hidden\" name=\"_wpcf7_unit_tag\" value=\"wpcf7-f788-o1\" \/><input type=\"hidden\" name=\"_wpcf7_container_post\" value=\"0\" \/><input type=\"hidden\" name=\"_wpcf7_posted_data_hash\" value=\"\" \/>\n<\/fieldset>\n<label> Your name\n    <span class=\"wpcf7-form-control-wrap\" data-name=\"your-name\"><input size=\"40\" maxlength=\"400\" class=\"wpcf7-form-control wpcf7-text wpcf7-validates-as-required\" autocomplete=\"name\" aria-required=\"true\" aria-invalid=\"false\" value=\"\" type=\"text\" name=\"your-name\" \/><\/span> <\/label>\n<br>\n<label> Your e-mail\n    <span class=\"wpcf7-form-control-wrap\" data-name=\"your-email\"><input size=\"40\" maxlength=\"400\" class=\"wpcf7-form-control wpcf7-email wpcf7-validates-as-required wpcf7-text wpcf7-validates-as-email\" autocomplete=\"email\" aria-required=\"true\" aria-invalid=\"false\" value=\"\" type=\"email\" name=\"your-email\" \/><\/span> <\/label>\n<br>\n<label> Subject\n    <span class=\"wpcf7-form-control-wrap\" data-name=\"your-subject\"><input size=\"40\" maxlength=\"400\" class=\"wpcf7-form-control wpcf7-text wpcf7-validates-as-required\" aria-required=\"true\" aria-invalid=\"false\" value=\"\" type=\"text\" name=\"your-subject\" \/><\/span> <\/label>\n<br>\n<label> Your message\n    <span class=\"wpcf7-form-control-wrap\" data-name=\"your-message\"><textarea cols=\"40\" rows=\"10\" maxlength=\"2000\" class=\"wpcf7-form-control wpcf7-textarea\" aria-invalid=\"false\" name=\"your-message\"><\/textarea><\/span> <\/label>\n<br>\n<input class=\"wpcf7-form-control wpcf7-submit has-spinner\" type=\"submit\" value=\"Send\" \/><div class=\"wpcf7-response-output\" aria-hidden=\"true\"><\/div>\n<\/form>\n<\/div>\n<\/div>[\/vc_column][\/vc_row]<\/p>\n<\/div>","protected":false},"excerpt":{"rendered":"<p>[vc_row section_type=&#8221;fullwidth&#8221; columns_gap=&#8221;30&#8243; equal_column_height=&#8221;equal&#8221;][vc_column width=&#8221;1\/3&#8243; grve_css=&#8221;{&#8220;desktop&#8220;:{&#8220;border-color&#8220;:&#8220;#ce911f&#8220;,&#8220;border-style&#8220;:&#8220;dotted&#8220;,&#8220;class&#8220;:&#8220;grve-wpb-1683868319367&#8220;}}&#8221;][vc_column_text text_style=&#8221;small-text&#8221;]Do you have a question for the team at the H\u00f4tel des Arts and Restaurant Les Gourmandises? Do not hesitate to contact us directly by phone or by email, we will get back to you as soon as possible.[\/vc_column_text][vc_column_text]+33 (0)5 63 64 23 41[\/vc_column_text][vc_column_text]hotelsdesarts@gmail.com[\/vc_column_text][vc_column_text css=&#8221;.vc_custom_1683868416374{padding-bottom: 32px !important;}&#8221;]60 route de [&hellip;]<\/p>\n","protected":false},"author":1,"featured_media":0,"parent":0,"menu_order":0,"comment_status":"closed","ping_status":"closed","template":"","meta":{"footnotes":""},"class_list":["post-785","page","type-page","status-publish","hentry","grve-entry-item"],"yoast_head":"<!-- This site is optimized with the Yoast SEO plugin v26.9 - https:\/\/yoast.com\/product\/yoast-seo-wordpress\/ -->\n<title>Contact - H\u00f4tel Restaurant des Arts<\/title>\n<meta name=\"description\" content=\"Contact the H\u00f4tel Restaurant des Arts team. 60 route de Montricoux - 82800 N\u00e8grepelisse\" \/>\n<meta name=\"robots\" content=\"index, follow, max-snippet:-1, max-image-preview:large, max-video-preview:-1\" \/>\n<link rel=\"canonical\" href=\"https:\/\/hotelrestaurantdesarts.fr\/en\/contact\/\" \/>\n<meta property=\"og:locale\" content=\"en_US\" \/>\n<meta property=\"og:type\" content=\"article\" \/>\n<meta property=\"og:title\" content=\"Contact - H\u00f4tel Restaurant des Arts\" \/>\n<meta property=\"og:description\" content=\"Contact the H\u00f4tel Restaurant des Arts team. 60 route de Montricoux - 82800 N\u00e8grepelisse\" \/>\n<meta property=\"og:url\" content=\"https:\/\/hotelrestaurantdesarts.fr\/en\/contact\/\" \/>\n<meta property=\"og:site_name\" content=\"H\u00f4tel Restaurant des Arts\" \/>\n<meta property=\"article:publisher\" content=\"https:\/\/www.facebook.com\/profile.php?id=100063506292873&amp;fref=ts\" \/>\n<meta property=\"article:modified_time\" content=\"2023-06-14T07:53:39+00:00\" \/>\n<meta property=\"og:image\" content=\"https:\/\/hotelrestaurantdesarts.fr\/wp-content\/uploads\/2023\/04\/hotel-des-arts-negrepelisse.jpeg\" \/>\n\t<meta property=\"og:image:width\" content=\"2100\" \/>\n\t<meta property=\"og:image:height\" content=\"1400\" \/>\n\t<meta property=\"og:image:type\" content=\"image\/jpeg\" \/>\n<meta name=\"twitter:card\" content=\"summary_large_image\" \/>\n<meta name=\"twitter:label1\" content=\"Est. reading time\" \/>\n\t<meta name=\"twitter:data1\" content=\"1 minute\" \/>\n<script type=\"application\/ld+json\" class=\"yoast-schema-graph\">{\"@context\":\"https:\/\/schema.org\",\"@graph\":[{\"@type\":\"WebPage\",\"@id\":\"https:\/\/hotelrestaurantdesarts.fr\/en\/contact\/\",\"url\":\"https:\/\/hotelrestaurantdesarts.fr\/en\/contact\/\",\"name\":\"Contact - H\u00f4tel Restaurant des Arts\",\"isPartOf\":{\"@id\":\"https:\/\/hotelrestaurantdesarts.fr\/#website\"},\"datePublished\":\"2023-04-08T09:12:30+00:00\",\"dateModified\":\"2023-06-14T07:53:39+00:00\",\"description\":\"Contact the H\u00f4tel Restaurant des Arts team. 60 route de Montricoux - 82800 N\u00e8grepelisse\",\"breadcrumb\":{\"@id\":\"https:\/\/hotelrestaurantdesarts.fr\/en\/contact\/#breadcrumb\"},\"inLanguage\":\"en-US\",\"potentialAction\":[{\"@type\":\"ReadAction\",\"target\":[\"https:\/\/hotelrestaurantdesarts.fr\/en\/contact\/\"]}]},{\"@type\":\"BreadcrumbList\",\"@id\":\"https:\/\/hotelrestaurantdesarts.fr\/en\/contact\/#breadcrumb\",\"itemListElement\":[{\"@type\":\"ListItem\",\"position\":1,\"name\":\"Accueil\",\"item\":\"https:\/\/hotelrestaurantdesarts.fr\/en\/home\/\"},{\"@type\":\"ListItem\",\"position\":2,\"name\":\"Contact\"}]},{\"@type\":\"WebSite\",\"@id\":\"https:\/\/hotelrestaurantdesarts.fr\/#website\",\"url\":\"https:\/\/hotelrestaurantdesarts.fr\/\",\"name\":\"H\u00f4tel Restaurant des Arts\",\"description\":\"Hotel, restaurant, caterer, receptions - N\u00e8grepelisse\",\"publisher\":{\"@id\":\"https:\/\/hotelrestaurantdesarts.fr\/#organization\"},\"potentialAction\":[{\"@type\":\"SearchAction\",\"target\":{\"@type\":\"EntryPoint\",\"urlTemplate\":\"https:\/\/hotelrestaurantdesarts.fr\/?s={search_term_string}\"},\"query-input\":{\"@type\":\"PropertyValueSpecification\",\"valueRequired\":true,\"valueName\":\"search_term_string\"}}],\"inLanguage\":\"en-US\"},{\"@type\":\"Organization\",\"@id\":\"https:\/\/hotelrestaurantdesarts.fr\/#organization\",\"name\":\"H\u00f4tel Restaurant des Arts\",\"url\":\"https:\/\/hotelrestaurantdesarts.fr\/\",\"logo\":{\"@type\":\"ImageObject\",\"inLanguage\":\"en-US\",\"@id\":\"https:\/\/hotelrestaurantdesarts.fr\/#\/schema\/logo\/image\/\",\"url\":\"https:\/\/hotelrestaurantdesarts.fr\/wp-content\/uploads\/2023\/04\/cropped-favicon-hotel-des-arts.png\",\"contentUrl\":\"https:\/\/hotelrestaurantdesarts.fr\/wp-content\/uploads\/2023\/04\/cropped-favicon-hotel-des-arts.png\",\"width\":512,\"height\":512,\"caption\":\"H\u00f4tel Restaurant des Arts\"},\"image\":{\"@id\":\"https:\/\/hotelrestaurantdesarts.fr\/#\/schema\/logo\/image\/\"},\"sameAs\":[\"https:\/\/www.facebook.com\/profile.php?id=100063506292873&fref=ts\"]}]}<\/script>\n<!-- \/ Yoast SEO plugin. -->","yoast_head_json":{"title":"Contact - H\u00f4tel Restaurant des Arts","description":"Contact the H\u00f4tel Restaurant des Arts team. 60 route de Montricoux - 82800 N\u00e8grepelisse","robots":{"index":"index","follow":"follow","max-snippet":"max-snippet:-1","max-image-preview":"max-image-preview:large","max-video-preview":"max-video-preview:-1"},"canonical":"https:\/\/hotelrestaurantdesarts.fr\/en\/contact\/","og_locale":"en_US","og_type":"article","og_title":"Contact - H\u00f4tel Restaurant des Arts","og_description":"Contact the H\u00f4tel Restaurant des Arts team. 60 route de Montricoux - 82800 N\u00e8grepelisse","og_url":"https:\/\/hotelrestaurantdesarts.fr\/en\/contact\/","og_site_name":"H\u00f4tel Restaurant des Arts","article_publisher":"https:\/\/www.facebook.com\/profile.php?id=100063506292873&fref=ts","article_modified_time":"2023-06-14T07:53:39+00:00","og_image":[{"width":2100,"height":1400,"url":"https:\/\/hotelrestaurantdesarts.fr\/wp-content\/uploads\/2023\/04\/hotel-des-arts-negrepelisse.jpeg","type":"image\/jpeg"}],"twitter_card":"summary_large_image","twitter_misc":{"Est. reading time":"1 minute"},"schema":{"@context":"https:\/\/schema.org","@graph":[{"@type":"WebPage","@id":"https:\/\/hotelrestaurantdesarts.fr\/en\/contact\/","url":"https:\/\/hotelrestaurantdesarts.fr\/en\/contact\/","name":"Contact - H\u00f4tel Restaurant des Arts","isPartOf":{"@id":"https:\/\/hotelrestaurantdesarts.fr\/#website"},"datePublished":"2023-04-08T09:12:30+00:00","dateModified":"2023-06-14T07:53:39+00:00","description":"Contact the H\u00f4tel Restaurant des Arts team. 60 route de Montricoux - 82800 N\u00e8grepelisse","breadcrumb":{"@id":"https:\/\/hotelrestaurantdesarts.fr\/en\/contact\/#breadcrumb"},"inLanguage":"en-US","potentialAction":[{"@type":"ReadAction","target":["https:\/\/hotelrestaurantdesarts.fr\/en\/contact\/"]}]},{"@type":"BreadcrumbList","@id":"https:\/\/hotelrestaurantdesarts.fr\/en\/contact\/#breadcrumb","itemListElement":[{"@type":"ListItem","position":1,"name":"Accueil","item":"https:\/\/hotelrestaurantdesarts.fr\/en\/home\/"},{"@type":"ListItem","position":2,"name":"Contact"}]},{"@type":"WebSite","@id":"https:\/\/hotelrestaurantdesarts.fr\/#website","url":"https:\/\/hotelrestaurantdesarts.fr\/","name":"H\u00f4tel Restaurant des Arts","description":"Hotel, restaurant, caterer, receptions - N\u00e8grepelisse","publisher":{"@id":"https:\/\/hotelrestaurantdesarts.fr\/#organization"},"potentialAction":[{"@type":"SearchAction","target":{"@type":"EntryPoint","urlTemplate":"https:\/\/hotelrestaurantdesarts.fr\/?s={search_term_string}"},"query-input":{"@type":"PropertyValueSpecification","valueRequired":true,"valueName":"search_term_string"}}],"inLanguage":"en-US"},{"@type":"Organization","@id":"https:\/\/hotelrestaurantdesarts.fr\/#organization","name":"H\u00f4tel Restaurant des Arts","url":"https:\/\/hotelrestaurantdesarts.fr\/","logo":{"@type":"ImageObject","inLanguage":"en-US","@id":"https:\/\/hotelrestaurantdesarts.fr\/#\/schema\/logo\/image\/","url":"https:\/\/hotelrestaurantdesarts.fr\/wp-content\/uploads\/2023\/04\/cropped-favicon-hotel-des-arts.png","contentUrl":"https:\/\/hotelrestaurantdesarts.fr\/wp-content\/uploads\/2023\/04\/cropped-favicon-hotel-des-arts.png","width":512,"height":512,"caption":"H\u00f4tel Restaurant des Arts"},"image":{"@id":"https:\/\/hotelrestaurantdesarts.fr\/#\/schema\/logo\/image\/"},"sameAs":["https:\/\/www.facebook.com\/profile.php?id=100063506292873&fref=ts"]}]}},"_links":{"self":[{"href":"https:\/\/hotelrestaurantdesarts.fr\/en\/wp-json\/wp\/v2\/pages\/785","targetHints":{"allow":["GET"]}}],"collection":[{"href":"https:\/\/hotelrestaurantdesarts.fr\/en\/wp-json\/wp\/v2\/pages"}],"about":[{"href":"https:\/\/hotelrestaurantdesarts.fr\/en\/wp-json\/wp\/v2\/types\/page"}],"author":[{"embeddable":true,"href":"https:\/\/hotelrestaurantdesarts.fr\/en\/wp-json\/wp\/v2\/users\/1"}],"replies":[{"embeddable":true,"href":"https:\/\/hotelrestaurantdesarts.fr\/en\/wp-json\/wp\/v2\/comments?post=785"}],"version-history":[{"count":16,"href":"https:\/\/hotelrestaurantdesarts.fr\/en\/wp-json\/wp\/v2\/pages\/785\/revisions"}],"predecessor-version":[{"id":906,"href":"https:\/\/hotelrestaurantdesarts.fr\/en\/wp-json\/wp\/v2\/pages\/785\/revisions\/906"}],"wp:attachment":[{"href":"https:\/\/hotelrestaurantdesarts.fr\/en\/wp-json\/wp\/v2\/media?parent=785"}],"curies":[{"name":"wp","href":"https:\/\/api.w.org\/{rel}","templated":true}]}}